{"id":176,"date":"2020-05-21T01:02:55","date_gmt":"2020-05-21T01:02:55","guid":{"rendered":"https:\/\/comitetg.sp.gov.br\/site\/?page_id=176"},"modified":"2023-07-21T13:43:55","modified_gmt":"2023-07-21T13:43:55","slug":"planos-downloads","status":"publish","type":"page","link":"https:\/\/comitetg.sp.gov.br\/site\/planos-downloads\/","title":{"rendered":"Planos &#8211; Downloads"},"content":{"rendered":"<h2>Planos &#8211; Downloads<\/h2>\n<h2>2021<\/h2>\n<ul>\n<li><a href=\"https:\/\/drive.google.com\/file\/d\/1WkiBGB81KQ9wv0nndnNb1eF0cP5NclvL\/view?usp...\">Plano de Bacia Hidrografica da UGRHU 15 &#8211; Turvo\/Grande &#8211; Revis\u00e3o e Atualizac\u00e3o.<\/a><\/li>\n<li><a href=\"http:\/\/minuta-plano-de-bacia.zip\">Minuta do Plano de Bacia &#8211; Ano Base 2021<\/a><\/li>\n<li><a href=\"https:\/\/sigrh.sp.gov.br\/public\/uploads\/documents\/\/CBH-TG\/24951\/plano-de-comunicacao-do-cbh-tg_2021-2023.pdf\">Plano de Comunica\u00e7\u00e3o &#8211; 2021-2023<\/a><\/li>\n<\/ul>\n<h2>2019<\/h2>\n<ul>\n<li><a href=\"http:\/\/www.sigrh.sp.gov.br\/public\/uploads\/documents\/\/CBH-TG\/20704\/priorizacao-e-identificacao-de-areas-de-reflorestramento-ricardo-rodrigues.zip\"><br \/>01 &#8211; Projeto Prioriza\u00e7\u00e3o e Identifica\u00e7\u00e3o de \u00e1reas de Reflorestamento &#8211; Ricardo Rodrigues<br \/><\/a><\/li>\n<\/ul>\n<h2>2017<\/h2>\n<ul>\n<li><a href=\"https:\/\/comitetg.sp.gov.br\/site\/wp-content\/uploads\/2020\/05\/01-Plano-de-Bacia-do-CBH-TG-2017.zip\"><br \/>01 &#8211; Plano de Bacia do CBH-TG 2017<br \/><\/a><\/li>\n<\/ul>\n<h2>2009<\/h2>\n<ul>\n<li><a href=\"https:\/\/comitetg.sp.gov.br\/site\/wp-content\/uploads\/2020\/05\/01-Plano-Ambiental-para-Bacia-de-Contribui\u00e7\u00e3o-da-Represa-de-Abast.-de-S.J.-Rio-Preto.zip\"><br \/>01 &#8211; Plano Ambiental para Bacia de Contribui\u00e7\u00e3o da Represa de Abast. de S.J. Rio Preto<br \/><\/a><\/li>\n<li><a href=\"https:\/\/comitetg.sp.gov.br\/site\/wp-content\/uploads\/2020\/05\/02-Release-do-Plano-Ambiental-para-Bacia-de-Contribui\u00e7\u00e3o-da-Represa-de-Abast.-de-S.J.-Rio-Preto.pdf\"><br \/>02 &#8211; Release do Plano Ambiental para Bacia de Contribui\u00e7\u00e3o da Represa de Abast. de S.J. Rio Preto<br \/><\/a><\/li>\n<li><a href=\"https:\/\/comitetg.sp.gov.br\/site\/wp-content\/uploads\/2020\/05\/03-Plano-de-Bacia-Turvo-Grande-2009.zip\"><br \/>03 &#8211; Plano de Bacia Turvo-Grande 2009<br \/><\/a><\/li>\n<\/ul>\n\n\n<p><\/p>\n\n\n\n<p><\/p>\n","protected":false},"excerpt":{"rendered":"<p>Planos &#8211; Downloads 2021 Plano de Bacia Hidrografica da UGRHU 15 &#8211; Turvo\/Grande &#8211; Revis\u00e3o e Atualizac\u00e3o. Minuta do Plano de Bacia &#8211; Ano Base 2021 Plano de Comunica\u00e7\u00e3o &#8211; 2021-2023 2019 01 &#8211; Projeto Prioriza\u00e7\u00e3o e Identifica\u00e7\u00e3o de \u00e1reas de Reflorestamento &#8211; Ricardo Rodrigues 2017 01 &#8211; Plano de Bacia do CBH-TG 2017 2009 [&hellip;]<\/p>\n","protected":false},"author":1,"featured_media":0,"parent":0,"menu_order":0,"comment_status":"closed","ping_status":"closed","template":"","meta":{"site-sidebar-layout":"no-sidebar","site-content-layout":"page-builder","ast-site-content-layout":"default","site-content-style":"default","site-sidebar-style":"default","ast-global-header-display":"","ast-banner-title-visibility":"","ast-main-header-display":"","ast-hfb-above-header-display":"","ast-hfb-below-header-display":"","ast-hfb-mobile-header-display":"","site-post-title":"disabled","ast-breadcrumbs-content":"","ast-featured-img":"disabled","footer-sml-layout":"","theme-transparent-header-meta":"default","adv-header-id-meta":"","stick-header-meta":"","header-above-stick-meta":"","header-main-stick-meta":"","header-below-stick-meta":"","astra-migrate-meta-layouts":"default","ast-page-background-enabled":"default","ast-page-background-meta":{"desktop":{"background-color":"","background-image":"","background-repeat":"repeat","background-position":"center center","background-size":"auto","background-attachment":"scroll","background-type":"","background-media":"","overlay-type":"","overlay-color":"","overlay-opacity":"","overlay-gradient":""},"tablet":{"background-color":"","background-image":"","background-repeat":"repeat","background-position":"center center","background-size":"auto","background-attachment":"scroll","background-type":"","background-media":"","overlay-type":"","overlay-color":"","overlay-opacity":"","overlay-gradient":""},"mobile":{"background-color":"","background-image":"","background-repeat":"repeat","background-position":"center center","background-size":"auto","background-attachment":"scroll","background-type":"","background-media":"","overlay-type":"","overlay-color":"","overlay-opacity":"","overlay-gradient":""}},"ast-content-background-meta":{"desktop":{"background-color":"var(--ast-global-color-5)","background-image":"","background-repeat":"repeat","background-position":"center center","background-size":"auto","background-attachment":"scroll","background-type":"","background-media":"","overlay-type":"","overlay-color":"","overlay-opacity":"","overlay-gradient":""},"tablet":{"background-color":"var(--ast-global-color-5)","background-image":"","background-repeat":"repeat","background-position":"center center","background-size":"auto","background-attachment":"scroll","background-type":"","background-media":"","overlay-type":"","overlay-color":"","overlay-opacity":"","overlay-gradient":""},"mobile":{"background-color":"var(--ast-global-color-5)","background-image":"","background-repeat":"repeat","background-position":"center center","background-size":"auto","background-attachment":"scroll","background-type":"","background-media":"","overlay-type":"","overlay-color":"","overlay-opacity":"","overlay-gradient":""}},"footnotes":""},"class_list":["post-176","page","type-page","status-publish","hentry"],"_links":{"self":[{"href":"https:\/\/comitetg.sp.gov.br\/site\/wp-json\/wp\/v2\/pages\/176","targetHints":{"allow":["GET"]}}],"collection":[{"href":"https:\/\/comitetg.sp.gov.br\/site\/wp-json\/wp\/v2\/pages"}],"about":[{"href":"https:\/\/comitetg.sp.gov.br\/site\/wp-json\/wp\/v2\/types\/page"}],"author":[{"embeddable":true,"href":"https:\/\/comitetg.sp.gov.br\/site\/wp-json\/wp\/v2\/users\/1"}],"replies":[{"embeddable":true,"href":"https:\/\/comitetg.sp.gov.br\/site\/wp-json\/wp\/v2\/comments?post=176"}],"version-history":[{"count":21,"href":"https:\/\/comitetg.sp.gov.br\/site\/wp-json\/wp\/v2\/pages\/176\/revisions"}],"predecessor-version":[{"id":1341,"href":"https:\/\/comitetg.sp.gov.br\/site\/wp-json\/wp\/v2\/pages\/176\/revisions\/1341"}],"wp:attachment":[{"href":"https:\/\/comitetg.sp.gov.br\/site\/wp-json\/wp\/v2\/media?parent=176"}],"curies":[{"name":"wp","href":"https:\/\/api.w.org\/{rel}","templated":true}]}}